{"id":753,"date":"2022-11-20T11:05:25","date_gmt":"2022-11-20T11:05:25","guid":{"rendered":"http:\/\/pablodevispodologia.com\/?page_id=753"},"modified":"2022-11-29T12:38:57","modified_gmt":"2022-11-29T12:38:57","slug":"cuidados-y-recomendaciones-del-pie-diabetico","status":"publish","type":"page","link":"https:\/\/pablodevispodologia.com\/index.php\/cuidados-y-recomendaciones-del-pie-diabetico\/","title":{"rendered":"Cuidados y recomendaciones del pie diab\u00e9tico"},"content":{"rendered":"\t\t<div data-elementor-type=\"wp-page\" data-elementor-id=\"753\" class=\"elementor elementor-753\">\n\t\t\t\t\t\t<section class=\"elementor-section elementor-top-section elementor-element elementor-element-3d3243c elementor-section-boxed elementor-section-height-default elementor-section-height-default\" data-id=\"3d3243c\" data-element_type=\"section\" data-e-type=\"section\">\n\t\t\t\t\t\t<div class=\"elementor-container elementor-column-gap-default\">\n\t\t\t\t\t<div class=\"elementor-column elementor-col-100 elementor-top-column elementor-element elementor-element-102b2cf\" data-id=\"102b2cf\" data-element_type=\"column\" data-e-type=\"column\">\n\t\t\t<div class=\"elementor-widget-wrap elementor-element-populated\">\n\t\t\t\t\t\t<div class=\"elementor-element elementor-element-790867d elementor-widget elementor-widget-spacer\" data-id=\"790867d\" data-element_type=\"widget\" data-e-type=\"widget\" data-widget_type=\"spacer.default\">\n\t\t\t\t<div class=\"elementor-widget-container\">\n\t\t\t\t\t\t\t<div class=\"elementor-spacer\">\n\t\t\t<div class=\"elementor-spacer-inner\"><\/div>\n\t\t<\/div>\n\t\t\t\t\t\t<\/div>\n\t\t\t\t<\/div>\n\t\t\t\t<div class=\"elementor-element elementor-element-cb7022a elementor-widget elementor-widget-spacer\" data-id=\"cb7022a\" data-element_type=\"widget\" data-e-type=\"widget\" data-widget_type=\"spacer.default\">\n\t\t\t\t<div class=\"elementor-widget-container\">\n\t\t\t\t\t\t\t<div class=\"elementor-spacer\">\n\t\t\t<div class=\"elementor-spacer-inner\"><\/div>\n\t\t<\/div>\n\t\t\t\t\t\t<\/div>\n\t\t\t\t<\/div>\n\t\t\t\t<div class=\"elementor-element elementor-element-2b4d8fe elementor-widget elementor-widget-heading\" data-id=\"2b4d8fe\" data-element_type=\"widget\" data-e-type=\"widget\" data-widget_type=\"heading.default\">\n\t\t\t\t<div class=\"elementor-widget-container\">\n\t\t\t\t\t<h2 class=\"elementor-heading-title elementor-size-default\">Cuidados y recomendaciones para el pie diab\u00e9tico<\/h2>\t\t\t\t<\/div>\n\t\t\t\t<\/div>\n\t\t\t\t<section class=\"elementor-section elementor-inner-section elementor-element elementor-element-284ea15 elementor-section-boxed elementor-section-height-default elementor-section-height-default\" data-id=\"284ea15\" data-element_type=\"section\" data-e-type=\"section\">\n\t\t\t\t\t\t<div class=\"elementor-container elementor-column-gap-default\">\n\t\t\t\t\t<div class=\"elementor-column elementor-col-100 elementor-inner-column elementor-element elementor-element-e316046\" data-id=\"e316046\" data-element_type=\"column\" data-e-type=\"column\">\n\t\t\t<div class=\"elementor-widget-wrap elementor-element-populated\">\n\t\t\t\t\t\t<div class=\"elementor-element elementor-element-5df8cb8 elementor-widget elementor-widget-text-editor\" data-id=\"5df8cb8\" data-element_type=\"widget\" data-e-type=\"widget\" data-widget_type=\"text-editor.default\">\n\t\t\t\t<div class=\"elementor-widget-container\">\n\t\t\t\t\t\t\t\t\t<p>Adem\u00e1s de las plantillas, existen otras sugerencias que las personas con diabetes deben considerar para asegurarse de tener pies sanos:<\/p><ul><li>Lava tus pies diariamente con un jab\u00f3n suave y agua tibia. Aseg\u00farate de secarlos muy bien, especialmente entre los dedos.<\/li><li>Usa diariamente una loci\u00f3n humectante en los pies para evitar que estos se resequen.<\/li><li>Inspecciona tus pies todos los d\u00edas en busca de irritaci\u00f3n o ampollas.<\/li><li>Usa calcetas o calcetines gruesos y suaves y c\u00e1mbialos con frecuencia.<\/li><li>Nunca camines descalzo.<\/li><li>Usa zapatos con puntas redondeadas.<\/li><li>Evita el alcohol y el tabaco, pues ambos contribuyen a tener problemas de circulaci\u00f3n.<\/li><li>Usa zapatos c\u00f3modos y que tengan suficiente espacio para que los dedos de los pies puedan moverse libremente.<\/li><li>No uses pantalones, calcetines, ni zapatos apretados para permitir la adecuada circulaci\u00f3n sangu\u00ednea.<\/li><li>Corta las u\u00f1as de los pies de forma recta y no muy cortas.<\/li><li>No cortes callos ni uses medicamentos en exceso para curarlos.<\/li><\/ul>\t\t\t\t\t\t\t\t<\/div>\n\t\t\t\t<\/div>\n\t\t\t\t<div class=\"elementor-element elementor-element-92e51f9 elementor-widget elementor-widget-spacer\" data-id=\"92e51f9\" data-element_type=\"widget\" data-e-type=\"widget\" data-widget_type=\"spacer.default\">\n\t\t\t\t<div class=\"elementor-widget-container\">\n\t\t\t\t\t\t\t<div class=\"elementor-spacer\">\n\t\t\t<div class=\"elementor-spacer-inner\"><\/div>\n\t\t<\/div>\n\t\t\t\t\t\t<\/div>\n\t\t\t\t<\/div>\n\t\t\t\t<div class=\"elementor-element elementor-element-f30e768 elementor-widget-divider--view-line elementor-widget elementor-widget-divider\" data-id=\"f30e768\" data-element_type=\"widget\" data-e-type=\"widget\" data-widget_type=\"divider.default\">\n\t\t\t\t<div class=\"elementor-widget-container\">\n\t\t\t\t\t\t\t<div class=\"elementor-divider\">\n\t\t\t<span class=\"elementor-divider-separator\">\n\t\t\t\t\t\t<\/span>\n\t\t<\/div>\n\t\t\t\t\t\t<\/div>\n\t\t\t\t<\/div>\n\t\t\t\t\t<\/div>\n\t\t<\/div>\n\t\t\t\t\t<\/div>\n\t\t<\/section>\n\t\t\t\t<div class=\"elementor-element elementor-element-0365f97 elementor-widget elementor-widget-heading\" data-id=\"0365f97\" data-element_type=\"widget\" data-e-type=\"widget\" data-widget_type=\"heading.default\">\n\t\t\t\t<div class=\"elementor-widget-container\">\n\t\t\t\t\t<h2 class=\"elementor-heading-title elementor-size-default\">Seguimiento y monitoreo<\/h2>\t\t\t\t<\/div>\n\t\t\t\t<\/div>\n\t\t\t\t<section class=\"elementor-section elementor-inner-section elementor-element elementor-element-1a0a2a1 elementor-section-boxed elementor-section-height-default elementor-section-height-default\" data-id=\"1a0a2a1\" data-element_type=\"section\" data-e-type=\"section\">\n\t\t\t\t\t\t<div class=\"elementor-container elementor-column-gap-default\">\n\t\t\t\t\t<div class=\"elementor-column elementor-col-50 elementor-inner-column elementor-element elementor-element-406a4c4\" data-id=\"406a4c4\" data-element_type=\"column\" data-e-type=\"column\">\n\t\t\t<div class=\"elementor-widget-wrap elementor-element-populated\">\n\t\t\t\t\t\t<div class=\"elementor-element elementor-element-86419dc elementor-widget elementor-widget-image\" data-id=\"86419dc\" data-element_type=\"widget\" data-e-type=\"widget\" data-widget_type=\"image.default\">\n\t\t\t\t<div class=\"elementor-widget-container\">\n\t\t\t\t\t\t\t\t\t\t\t\t\t\t\t<img fetchpriority=\"high\" decoding=\"async\" width=\"724\" height=\"1024\" src=\"https:\/\/pablodevispodologia.com\/wp-content\/uploads\/2022\/11\/Poster-Pie-diabetico-claro-724x1024.png\" class=\"attachment-large size-large wp-image-761\" alt=\"\" srcset=\"https:\/\/pablodevispodologia.com\/wp-content\/uploads\/2022\/11\/Poster-Pie-diabetico-claro-724x1024.png 724w, https:\/\/pablodevispodologia.com\/wp-content\/uploads\/2022\/11\/Poster-Pie-diabetico-claro-212x300.png 212w, https:\/\/pablodevispodologia.com\/wp-content\/uploads\/2022\/11\/Poster-Pie-diabetico-claro-768x1086.png 768w, https:\/\/pablodevispodologia.com\/wp-content\/uploads\/2022\/11\/Poster-Pie-diabetico-claro-1086x1536.png 1086w, https:\/\/pablodevispodologia.com\/wp-content\/uploads\/2022\/11\/Poster-Pie-diabetico-claro-1448x2048.png 1448w, https:\/\/pablodevispodologia.com\/wp-content\/uploads\/2022\/11\/Poster-Pie-diabetico-claro.png 1587w\" sizes=\"(max-width: 724px) 100vw, 724px\" \/>\t\t\t\t\t\t\t\t\t\t\t\t\t\t\t<\/div>\n\t\t\t\t<\/div>\n\t\t\t\t\t<\/div>\n\t\t<\/div>\n\t\t\t\t<div class=\"elementor-column elementor-col-50 elementor-inner-column elementor-element elementor-element-157c42a\" data-id=\"157c42a\" data-element_type=\"column\" data-e-type=\"column\">\n\t\t\t<div class=\"elementor-widget-wrap elementor-element-populated\">\n\t\t\t\t\t\t<div class=\"elementor-element elementor-element-080bdd4 elementor-widget elementor-widget-text-editor\" data-id=\"080bdd4\" data-element_type=\"widget\" data-e-type=\"widget\" data-widget_type=\"text-editor.default\">\n\t\t\t\t<div class=\"elementor-widget-container\">\n\t\t\t\t\t\t\t\t\t<p><span class=\"JsGRdQ\">La neuropat\u00eda diab\u00e9tica provoca la p\u00e9rdida de sensibilidad en los pies, por lo que se pierde tambi\u00e9n las se\u00f1ales de dolor de car\u00e1cter preventivo. <\/span><\/p><p>Es importante que el <a href=\"https:\/\/www.piedica.com\/baropodometria\" data-kmt=\"1\">estudio baropodom\u00e9trico<\/a> de marcha se realice cada a\u00f1o para monitorear los puntos de apoyo y evaluar si las hipercargas se han modificado de posici\u00f3n.\u00a0<\/p><p>Esto permite actualizar el an\u00e1lisis para conocer si han cambiado las sobrecargas y renovar las plantillas con los nuevos puntos de presi\u00f3n. \u00a0Para prevenir lesiones es importante reemplazar las plantillas de cada 10 a 12 meses porque el material eventualmente se desgasta.<\/p><p>La postura y la marcha se alteran durante el ciclo de la marcha en presencia de dolor, es decir, la persona cambia su forma de caminar de forma inconsciente.<br \/>El oportuno conocimiento de los puntos de carga excesiva en los pies, en el caso de pacientes con diabetes, nos permite dise\u00f1ar una plantilla espec\u00edfica que ayude a armonizar las cargas y evitar ulceraciones que en muchos casos terminan en amputaciones. Si no se previene, las sobrecargas terminan en heridas dif\u00edciles de curar y sanan lentamente como resultado de los problemas circulatorios.<\/p>\t\t\t\t\t\t\t\t<\/div>\n\t\t\t\t<\/div>\n\t\t\t\t\t<\/div>\n\t\t<\/div>\n\t\t\t\t\t<\/div>\n\t\t<\/section>\n\t\t\t\t\t<\/div>\n\t\t<\/div>\n\t\t\t\t\t<\/div>\n\t\t<\/section>\n\t\t\t\t<\/div>\n\t\t","protected":false},"excerpt":{"rendered":"<p>Cuidados y recomendaciones para el pie diab\u00e9tico Adem\u00e1s de las plantillas, existen otras sugerencias que las personas con diabetes deben considerar para asegurarse de tener pies sanos: Lava tus pies diariamente con un jab\u00f3n suave y agua tibia. Aseg\u00farate de secarlos muy bien, especialmente entre los dedos. Usa diariamente una loci\u00f3n humectante en los pies [&hellip;]<\/p>\n","protected":false},"author":1,"featured_media":0,"parent":0,"menu_order":0,"comment_status":"closed","ping_status":"closed","template":"","meta":{"om_disable_all_campaigns":false,"_monsterinsights_skip_tracking":false,"_monsterinsights_sitenote_active":false,"_monsterinsights_sitenote_note":"","_monsterinsights_sitenote_category":0,"site-sidebar-layout":"no-sidebar","site-content-layout":"page-builder","ast-site-content-layout":"default","site-content-style":"default","site-sidebar-style":"default","ast-global-header-display":"","ast-banner-title-visibility":"","ast-main-header-display":"","ast-hfb-above-header-display":"","ast-hfb-below-header-display":"","ast-hfb-mobile-header-display":"","site-post-title":"disabled","ast-breadcrumbs-content":"","ast-featured-img":"disabled","footer-sml-layout":"","ast-disable-related-posts":"","theme-transparent-header-meta":"","adv-header-id-meta":"","stick-header-meta":"","header-above-stick-meta":"","header-main-stick-meta":"","header-below-stick-meta":"","astra-migrate-meta-layouts":"default","ast-page-background-enabled":"default","ast-page-background-meta":{"desktop":{"background-color":"","background-image":"","background-repeat":"repeat","background-position":"center center","background-size":"auto","background-attachment":"scroll","background-type":"","background-media":"","overlay-type":"","overlay-color":"","overlay-opacity":"","overlay-gradient":""},"tablet":{"background-color":"","background-image":"","background-repeat":"repeat","background-position":"center center","background-size":"auto","background-attachment":"scroll","background-type":"","background-media":"","overlay-type":"","overlay-color":"","overlay-opacity":"","overlay-gradient":""},"mobile":{"background-color":"","background-image":"","background-repeat":"repeat","background-position":"center center","background-size":"auto","background-attachment":"scroll","background-type":"","background-media":"","overlay-type":"","overlay-color":"","overlay-opacity":"","overlay-gradient":""}},"ast-content-background-meta":{"desktop":{"background-color":"var(--ast-global-color-5)","background-image":"","background-repeat":"repeat","background-position":"center center","background-size":"auto","background-attachment":"scroll","background-type":"","background-media":"","overlay-type":"","overlay-color":"","overlay-opacity":"","overlay-gradient":""},"tablet":{"background-color":"var(--ast-global-color-5)","background-image":"","background-repeat":"repeat","background-position":"center center","background-size":"auto","background-attachment":"scroll","background-type":"","background-media":"","overlay-type":"","overlay-color":"","overlay-opacity":"","overlay-gradient":""},"mobile":{"background-color":"var(--ast-global-color-5)","background-image":"","background-repeat":"repeat","background-position":"center center","background-size":"auto","background-attachment":"scroll","background-type":"","background-media":"","overlay-type":"","overlay-color":"","overlay-opacity":"","overlay-gradient":""}},"footnotes":""},"class_list":["post-753","page","type-page","status-publish","hentry"],"yoast_head":"<!-- This site is optimized with the Yoast SEO plugin v27.4 - https:\/\/yoast.com\/product\/yoast-seo-wordpress\/ -->\n<title>Pie diab\u00e9tico en Aspe<\/title>\n<meta name=\"robots\" content=\"index, follow, max-snippet:-1, max-image-preview:large, max-video-preview:-1\" \/>\n<link rel=\"canonical\" href=\"https:\/\/pablodevispodologia.com\/index.php\/cuidados-y-recomendaciones-del-pie-diabetico\/\" \/>\n<meta property=\"og:locale\" content=\"es_ES\" \/>\n<meta property=\"og:type\" content=\"article\" \/>\n<meta property=\"og:title\" content=\"Pie diab\u00e9tico en Aspe\" \/>\n<meta property=\"og:description\" content=\"Cuidados y recomendaciones para el pie diab\u00e9tico Adem\u00e1s de las plantillas, existen otras sugerencias que las personas con diabetes deben considerar para asegurarse de tener pies sanos: Lava tus pies diariamente con un jab\u00f3n suave y agua tibia. Aseg\u00farate de secarlos muy bien, especialmente entre los dedos. Usa diariamente una loci\u00f3n humectante en los pies [&hellip;]\" \/>\n<meta property=\"og:url\" content=\"https:\/\/pablodevispodologia.com\/index.php\/cuidados-y-recomendaciones-del-pie-diabetico\/\" \/>\n<meta property=\"og:site_name\" content=\"Pablo Devis Podolog&iacute;a\" \/>\n<meta property=\"article:publisher\" content=\"https:\/\/www.facebook.com\/yoast\" \/>\n<meta property=\"article:modified_time\" content=\"2022-11-29T12:38:57+00:00\" \/>\n<meta property=\"og:image\" content=\"http:\/\/pablodevispodologia.com\/wp-content\/uploads\/2022\/11\/Poster-Pie-diabetico-claro-724x1024.png\" \/>\n<meta name=\"twitter:card\" content=\"summary_large_image\" \/>\n<meta name=\"twitter:label1\" content=\"Tiempo de lectura\" \/>\n\t<meta name=\"twitter:data1\" content=\"2 minutos\" \/>\n<script type=\"application\/ld+json\" class=\"yoast-schema-graph\">{\"@context\":\"https:\\\/\\\/schema.org\",\"@graph\":[{\"@type\":\"WebPage\",\"@id\":\"https:\\\/\\\/pablodevispodologia.com\\\/index.php\\\/cuidados-y-recomendaciones-del-pie-diabetico\\\/\",\"url\":\"https:\\\/\\\/pablodevispodologia.com\\\/index.php\\\/cuidados-y-recomendaciones-del-pie-diabetico\\\/\",\"name\":\"Pie diab\u00e9tico en Aspe\",\"isPartOf\":{\"@id\":\"https:\\\/\\\/pablodevispodologia.com\\\/#website\"},\"primaryImageOfPage\":{\"@id\":\"https:\\\/\\\/pablodevispodologia.com\\\/index.php\\\/cuidados-y-recomendaciones-del-pie-diabetico\\\/#primaryimage\"},\"image\":{\"@id\":\"https:\\\/\\\/pablodevispodologia.com\\\/index.php\\\/cuidados-y-recomendaciones-del-pie-diabetico\\\/#primaryimage\"},\"thumbnailUrl\":\"http:\\\/\\\/pablodevispodologia.com\\\/wp-content\\\/uploads\\\/2022\\\/11\\\/Poster-Pie-diabetico-claro-724x1024.png\",\"datePublished\":\"2022-11-20T11:05:25+00:00\",\"dateModified\":\"2022-11-29T12:38:57+00:00\",\"breadcrumb\":{\"@id\":\"https:\\\/\\\/pablodevispodologia.com\\\/index.php\\\/cuidados-y-recomendaciones-del-pie-diabetico\\\/#breadcrumb\"},\"inLanguage\":\"es\",\"potentialAction\":[{\"@type\":\"ReadAction\",\"target\":[\"https:\\\/\\\/pablodevispodologia.com\\\/index.php\\\/cuidados-y-recomendaciones-del-pie-diabetico\\\/\"]}]},{\"@type\":\"ImageObject\",\"inLanguage\":\"es\",\"@id\":\"https:\\\/\\\/pablodevispodologia.com\\\/index.php\\\/cuidados-y-recomendaciones-del-pie-diabetico\\\/#primaryimage\",\"url\":\"https:\\\/\\\/pablodevispodologia.com\\\/wp-content\\\/uploads\\\/2022\\\/11\\\/Poster-Pie-diabetico-claro.png\",\"contentUrl\":\"https:\\\/\\\/pablodevispodologia.com\\\/wp-content\\\/uploads\\\/2022\\\/11\\\/Poster-Pie-diabetico-claro.png\",\"width\":1587,\"height\":2245},{\"@type\":\"BreadcrumbList\",\"@id\":\"https:\\\/\\\/pablodevispodologia.com\\\/index.php\\\/cuidados-y-recomendaciones-del-pie-diabetico\\\/#breadcrumb\",\"itemListElement\":[{\"@type\":\"ListItem\",\"position\":1,\"name\":\"Portada\",\"item\":\"https:\\\/\\\/pablodevispodologia.com\\\/\"},{\"@type\":\"ListItem\",\"position\":2,\"name\":\"Cuidados y recomendaciones del pie diab\u00e9tico\"}]},{\"@type\":\"WebSite\",\"@id\":\"https:\\\/\\\/pablodevispodologia.com\\\/#website\",\"url\":\"https:\\\/\\\/pablodevispodologia.com\\\/\",\"name\":\"Pablo Devis Podolog&iacute;a\",\"description\":\"\",\"publisher\":{\"@id\":\"https:\\\/\\\/pablodevispodologia.com\\\/#organization\"},\"alternateName\":\"Cl\u00ednica Podol\u00f3gica Pablo Devis\",\"potentialAction\":[{\"@type\":\"SearchAction\",\"target\":{\"@type\":\"EntryPoint\",\"urlTemplate\":\"https:\\\/\\\/pablodevispodologia.com\\\/?s={search_term_string}\"},\"query-input\":{\"@type\":\"PropertyValueSpecification\",\"valueRequired\":true,\"valueName\":\"search_term_string\"}}],\"inLanguage\":\"es\"},{\"@type\":\"Organization\",\"@id\":\"https:\\\/\\\/pablodevispodologia.com\\\/#organization\",\"name\":\"Pablo Devis Podolog&iacute;a\",\"alternateName\":\"Cl\u00ednica Podol\u00f3gica Pablo Devis\",\"url\":\"https:\\\/\\\/pablodevispodologia.com\\\/\",\"logo\":{\"@type\":\"ImageObject\",\"inLanguage\":\"es\",\"@id\":\"https:\\\/\\\/pablodevispodologia.com\\\/#\\\/schema\\\/logo\\\/image\\\/\",\"url\":\"https:\\\/\\\/pablodevispodologia.com\\\/wp-content\\\/uploads\\\/2021\\\/04\\\/Anadir-un-titulo-Sitio-web-2.png\",\"contentUrl\":\"https:\\\/\\\/pablodevispodologia.com\\\/wp-content\\\/uploads\\\/2021\\\/04\\\/Anadir-un-titulo-Sitio-web-2.png\",\"width\":4098,\"height\":2304,\"caption\":\"Pablo Devis Podolog&iacute;a\"},\"image\":{\"@id\":\"https:\\\/\\\/pablodevispodologia.com\\\/#\\\/schema\\\/logo\\\/image\\\/\"},\"sameAs\":[\"https:\\\/\\\/www.facebook.com\\\/yoast\",\"https:\\\/\\\/www.instagram.com\\\/pabloperezpodologo\\\/yoast\"]}]}<\/script>\n<!-- \/ Yoast SEO plugin. -->","yoast_head_json":{"title":"Pie diab\u00e9tico en Aspe","robots":{"index":"index","follow":"follow","max-snippet":"max-snippet:-1","max-image-preview":"max-image-preview:large","max-video-preview":"max-video-preview:-1"},"canonical":"https:\/\/pablodevispodologia.com\/index.php\/cuidados-y-recomendaciones-del-pie-diabetico\/","og_locale":"es_ES","og_type":"article","og_title":"Pie diab\u00e9tico en Aspe","og_description":"Cuidados y recomendaciones para el pie diab\u00e9tico Adem\u00e1s de las plantillas, existen otras sugerencias que las personas con diabetes deben considerar para asegurarse de tener pies sanos: Lava tus pies diariamente con un jab\u00f3n suave y agua tibia. Aseg\u00farate de secarlos muy bien, especialmente entre los dedos. Usa diariamente una loci\u00f3n humectante en los pies [&hellip;]","og_url":"https:\/\/pablodevispodologia.com\/index.php\/cuidados-y-recomendaciones-del-pie-diabetico\/","og_site_name":"Pablo Devis Podolog&iacute;a","article_publisher":"https:\/\/www.facebook.com\/yoast","article_modified_time":"2022-11-29T12:38:57+00:00","og_image":[{"url":"http:\/\/pablodevispodologia.com\/wp-content\/uploads\/2022\/11\/Poster-Pie-diabetico-claro-724x1024.png","type":"","width":"","height":""}],"twitter_card":"summary_large_image","twitter_misc":{"Tiempo de lectura":"2 minutos"},"schema":{"@context":"https:\/\/schema.org","@graph":[{"@type":"WebPage","@id":"https:\/\/pablodevispodologia.com\/index.php\/cuidados-y-recomendaciones-del-pie-diabetico\/","url":"https:\/\/pablodevispodologia.com\/index.php\/cuidados-y-recomendaciones-del-pie-diabetico\/","name":"Pie diab\u00e9tico en Aspe","isPartOf":{"@id":"https:\/\/pablodevispodologia.com\/#website"},"primaryImageOfPage":{"@id":"https:\/\/pablodevispodologia.com\/index.php\/cuidados-y-recomendaciones-del-pie-diabetico\/#primaryimage"},"image":{"@id":"https:\/\/pablodevispodologia.com\/index.php\/cuidados-y-recomendaciones-del-pie-diabetico\/#primaryimage"},"thumbnailUrl":"http:\/\/pablodevispodologia.com\/wp-content\/uploads\/2022\/11\/Poster-Pie-diabetico-claro-724x1024.png","datePublished":"2022-11-20T11:05:25+00:00","dateModified":"2022-11-29T12:38:57+00:00","breadcrumb":{"@id":"https:\/\/pablodevispodologia.com\/index.php\/cuidados-y-recomendaciones-del-pie-diabetico\/#breadcrumb"},"inLanguage":"es","potentialAction":[{"@type":"ReadAction","target":["https:\/\/pablodevispodologia.com\/index.php\/cuidados-y-recomendaciones-del-pie-diabetico\/"]}]},{"@type":"ImageObject","inLanguage":"es","@id":"https:\/\/pablodevispodologia.com\/index.php\/cuidados-y-recomendaciones-del-pie-diabetico\/#primaryimage","url":"https:\/\/pablodevispodologia.com\/wp-content\/uploads\/2022\/11\/Poster-Pie-diabetico-claro.png","contentUrl":"https:\/\/pablodevispodologia.com\/wp-content\/uploads\/2022\/11\/Poster-Pie-diabetico-claro.png","width":1587,"height":2245},{"@type":"BreadcrumbList","@id":"https:\/\/pablodevispodologia.com\/index.php\/cuidados-y-recomendaciones-del-pie-diabetico\/#breadcrumb","itemListElement":[{"@type":"ListItem","position":1,"name":"Portada","item":"https:\/\/pablodevispodologia.com\/"},{"@type":"ListItem","position":2,"name":"Cuidados y recomendaciones del pie diab\u00e9tico"}]},{"@type":"WebSite","@id":"https:\/\/pablodevispodologia.com\/#website","url":"https:\/\/pablodevispodologia.com\/","name":"Pablo Devis Podolog&iacute;a","description":"","publisher":{"@id":"https:\/\/pablodevispodologia.com\/#organization"},"alternateName":"Cl\u00ednica Podol\u00f3gica Pablo Devis","potentialAction":[{"@type":"SearchAction","target":{"@type":"EntryPoint","urlTemplate":"https:\/\/pablodevispodologia.com\/?s={search_term_string}"},"query-input":{"@type":"PropertyValueSpecification","valueRequired":true,"valueName":"search_term_string"}}],"inLanguage":"es"},{"@type":"Organization","@id":"https:\/\/pablodevispodologia.com\/#organization","name":"Pablo Devis Podolog&iacute;a","alternateName":"Cl\u00ednica Podol\u00f3gica Pablo Devis","url":"https:\/\/pablodevispodologia.com\/","logo":{"@type":"ImageObject","inLanguage":"es","@id":"https:\/\/pablodevispodologia.com\/#\/schema\/logo\/image\/","url":"https:\/\/pablodevispodologia.com\/wp-content\/uploads\/2021\/04\/Anadir-un-titulo-Sitio-web-2.png","contentUrl":"https:\/\/pablodevispodologia.com\/wp-content\/uploads\/2021\/04\/Anadir-un-titulo-Sitio-web-2.png","width":4098,"height":2304,"caption":"Pablo Devis Podolog&iacute;a"},"image":{"@id":"https:\/\/pablodevispodologia.com\/#\/schema\/logo\/image\/"},"sameAs":["https:\/\/www.facebook.com\/yoast","https:\/\/www.instagram.com\/pabloperezpodologo\/yoast"]}]}},"_links":{"self":[{"href":"https:\/\/pablodevispodologia.com\/index.php\/wp-json\/wp\/v2\/pages\/753","targetHints":{"allow":["GET"]}}],"collection":[{"href":"https:\/\/pablodevispodologia.com\/index.php\/wp-json\/wp\/v2\/pages"}],"about":[{"href":"https:\/\/pablodevispodologia.com\/index.php\/wp-json\/wp\/v2\/types\/page"}],"author":[{"embeddable":true,"href":"https:\/\/pablodevispodologia.com\/index.php\/wp-json\/wp\/v2\/users\/1"}],"replies":[{"embeddable":true,"href":"https:\/\/pablodevispodologia.com\/index.php\/wp-json\/wp\/v2\/comments?post=753"}],"version-history":[{"count":13,"href":"https:\/\/pablodevispodologia.com\/index.php\/wp-json\/wp\/v2\/pages\/753\/revisions"}],"predecessor-version":[{"id":1004,"href":"https:\/\/pablodevispodologia.com\/index.php\/wp-json\/wp\/v2\/pages\/753\/revisions\/1004"}],"wp:attachment":[{"href":"https:\/\/pablodevispodologia.com\/index.php\/wp-json\/wp\/v2\/media?parent=753"}],"curies":[{"name":"wp","href":"https:\/\/api.w.org\/{rel}","templated":true}]}}