{"id":727,"date":"2022-11-19T23:29:49","date_gmt":"2022-11-19T23:29:49","guid":{"rendered":"http:\/\/pablodevispodologia.com\/?page_id=727"},"modified":"2023-01-20T10:09:03","modified_gmt":"2023-01-20T10:09:03","slug":"la-importancia-de-visitar-al-podologo","status":"publish","type":"page","link":"https:\/\/pablodevispodologia.com\/index.php\/la-importancia-de-visitar-al-podologo\/","title":{"rendered":"La importancia de visitar al Pod\u00f3logo"},"content":{"rendered":"\t\t<div data-elementor-type=\"wp-page\" data-elementor-id=\"727\" class=\"elementor elementor-727\">\n\t\t\t\t\t\t<section class=\"elementor-section elementor-top-section elementor-element elementor-element-47843bc elementor-section-boxed elementor-section-height-default elementor-section-height-default\" data-id=\"47843bc\" data-element_type=\"section\" data-e-type=\"section\">\n\t\t\t\t\t\t<div class=\"elementor-container elementor-column-gap-default\">\n\t\t\t\t\t<div class=\"elementor-column elementor-col-100 elementor-top-column elementor-element elementor-element-26640db\" data-id=\"26640db\" data-element_type=\"column\" data-e-type=\"column\">\n\t\t\t<div class=\"elementor-widget-wrap elementor-element-populated\">\n\t\t\t\t\t\t<div class=\"elementor-element elementor-element-8ef9a3f elementor-widget elementor-widget-spacer\" data-id=\"8ef9a3f\" data-element_type=\"widget\" data-e-type=\"widget\" data-widget_type=\"spacer.default\">\n\t\t\t\t<div class=\"elementor-widget-container\">\n\t\t\t\t\t\t\t<div class=\"elementor-spacer\">\n\t\t\t<div class=\"elementor-spacer-inner\"><\/div>\n\t\t<\/div>\n\t\t\t\t\t\t<\/div>\n\t\t\t\t<\/div>\n\t\t\t\t\t<\/div>\n\t\t<\/div>\n\t\t\t\t\t<\/div>\n\t\t<\/section>\n\t\t\t\t<section class=\"elementor-section elementor-top-section elementor-element elementor-element-38dc6c7 elementor-section-boxed elementor-section-height-default elementor-section-height-default\" data-id=\"38dc6c7\" data-element_type=\"section\" data-e-type=\"section\">\n\t\t\t\t\t\t<div class=\"elementor-container elementor-column-gap-default\">\n\t\t\t\t\t<div class=\"elementor-column elementor-col-100 elementor-top-column elementor-element elementor-element-cc6138f\" data-id=\"cc6138f\" data-element_type=\"column\" data-e-type=\"column\">\n\t\t\t<div class=\"elementor-widget-wrap elementor-element-populated\">\n\t\t\t\t\t\t<div class=\"elementor-element elementor-element-1819fd1 elementor-widget elementor-widget-spacer\" data-id=\"1819fd1\" data-element_type=\"widget\" data-e-type=\"widget\" data-widget_type=\"spacer.default\">\n\t\t\t\t<div class=\"elementor-widget-container\">\n\t\t\t\t\t\t\t<div class=\"elementor-spacer\">\n\t\t\t<div class=\"elementor-spacer-inner\"><\/div>\n\t\t<\/div>\n\t\t\t\t\t\t<\/div>\n\t\t\t\t<\/div>\n\t\t\t\t<div class=\"elementor-element elementor-element-278bda2 elementor-widget elementor-widget-heading\" data-id=\"278bda2\" data-element_type=\"widget\" data-e-type=\"widget\" data-widget_type=\"heading.default\">\n\t\t\t\t<div class=\"elementor-widget-container\">\n\t\t\t\t\t<h2 class=\"elementor-heading-title elementor-size-default\">La importancia de visitar al Pod\u00f3logo<\/h2>\t\t\t\t<\/div>\n\t\t\t\t<\/div>\n\t\t\t\t<section class=\"elementor-section elementor-inner-section elementor-element elementor-element-aed0aac elementor-section-boxed elementor-section-height-default elementor-section-height-default\" data-id=\"aed0aac\" data-element_type=\"section\" data-e-type=\"section\">\n\t\t\t\t\t\t<div class=\"elementor-container elementor-column-gap-default\">\n\t\t\t\t\t<div class=\"elementor-column elementor-col-100 elementor-inner-column elementor-element elementor-element-e151909\" data-id=\"e151909\" data-element_type=\"column\" data-e-type=\"column\">\n\t\t\t<div class=\"elementor-widget-wrap elementor-element-populated\">\n\t\t\t\t\t\t<div class=\"elementor-element elementor-element-6366035 elementor-widget elementor-widget-text-editor\" data-id=\"6366035\" data-element_type=\"widget\" data-e-type=\"widget\" data-widget_type=\"text-editor.default\">\n\t\t\t\t<div class=\"elementor-widget-container\">\n\t\t\t\t\t\t\t\t\t<p>La podolog\u00eda es, en ocasiones, una gran desconocida y se ocupa, como especialidad sanitaria, no s\u00f3lo del tratamiento de problemas de u\u00f1as, durezas u hongos, sino tambi\u00e9n de malformaciones, como pies planos y problemas de circulaci\u00f3n de la sangre, afecciones a la piel e infecciones. Los pies soportan el peso de todo nuestro cuerpo y est\u00e1n sometidos a una presi\u00f3n importante en la mayor parte de las actividades que realizamos a lo largo del d\u00eda. Nuestras rutinas diarias les afectan pudiendo provocar dolor, hinchaz\u00f3n, dedos martillo, juanetes, callosidades, etc.<\/p>\t\t\t\t\t\t\t\t<\/div>\n\t\t\t\t<\/div>\n\t\t\t\t<div class=\"elementor-element elementor-element-be95d02 elementor-widget elementor-widget-spacer\" data-id=\"be95d02\" data-element_type=\"widget\" data-e-type=\"widget\" data-widget_type=\"spacer.default\">\n\t\t\t\t<div class=\"elementor-widget-container\">\n\t\t\t\t\t\t\t<div class=\"elementor-spacer\">\n\t\t\t<div class=\"elementor-spacer-inner\"><\/div>\n\t\t<\/div>\n\t\t\t\t\t\t<\/div>\n\t\t\t\t<\/div>\n\t\t\t\t<div class=\"elementor-element elementor-element-a3ff949 elementor-widget-divider--view-line elementor-widget elementor-widget-divider\" data-id=\"a3ff949\" data-element_type=\"widget\" data-e-type=\"widget\" data-widget_type=\"divider.default\">\n\t\t\t\t<div class=\"elementor-widget-container\">\n\t\t\t\t\t\t\t<div class=\"elementor-divider\">\n\t\t\t<span class=\"elementor-divider-separator\">\n\t\t\t\t\t\t<\/span>\n\t\t<\/div>\n\t\t\t\t\t\t<\/div>\n\t\t\t\t<\/div>\n\t\t\t\t<div class=\"elementor-element elementor-element-6315b1e elementor-widget elementor-widget-heading\" data-id=\"6315b1e\" data-element_type=\"widget\" data-e-type=\"widget\" data-widget_type=\"heading.default\">\n\t\t\t\t<div class=\"elementor-widget-container\">\n\t\t\t\t\t<h2 class=\"elementor-heading-title elementor-size-large\">CON LOS SERVICIOS PODOL\u00d3GICOS TRATAMOS:<\/h2>\t\t\t\t<\/div>\n\t\t\t\t<\/div>\n\t\t\t\t\t<\/div>\n\t\t<\/div>\n\t\t\t\t\t<\/div>\n\t\t<\/section>\n\t\t\t\t<section class=\"elementor-section elementor-inner-section elementor-element elementor-element-1cb220a elementor-section-boxed elementor-section-height-default elementor-section-height-default\" data-id=\"1cb220a\" data-element_type=\"section\" data-e-type=\"section\">\n\t\t\t\t\t\t<div class=\"elementor-container elementor-column-gap-default\">\n\t\t\t\t\t<div class=\"elementor-column elementor-col-50 elementor-inner-column elementor-element elementor-element-84782b5\" data-id=\"84782b5\" data-element_type=\"column\" data-e-type=\"column\">\n\t\t\t<div class=\"elementor-widget-wrap elementor-element-populated\">\n\t\t\t\t\t\t<div class=\"elementor-element elementor-element-58400ec elementor-widget elementor-widget-text-editor\" data-id=\"58400ec\" data-element_type=\"widget\" data-e-type=\"widget\" data-widget_type=\"text-editor.default\">\n\t\t\t\t<div class=\"elementor-widget-container\">\n\t\t\t\t\t\t\t\t\t<div class=\"et_pb_column et_pb_column_1_2 et_pb_column_3 et_pb_css_mix_blend_mode_passthrough\" style=\"text-align: center;\"><div class=\"et_pb_module et_pb_blurb et_pb_blurb_0 et_pb_text_align_left et_pb_blurb_position_left et_pb_bg_layout_light\"><div class=\"et_pb_blurb_content\"><div class=\"et_pb_blurb_container\"><div class=\"et_pb_blurb_description\"><h3>Alteraciones cut\u00e1neas<\/h3><p style=\"font-size: 16px;\">Callos y durezas.<\/p><p style=\"font-size: 16px;\">Fisuras, problemas de sequedad de la piel.<\/p><p style=\"font-size: 16px;\">Deformidades en el pie en general y en los dedos en particular.<\/p><\/div><\/div><\/div><\/div><\/div>\t\t\t\t\t\t\t\t<\/div>\n\t\t\t\t<\/div>\n\t\t\t\t\t<\/div>\n\t\t<\/div>\n\t\t\t\t<div class=\"elementor-column elementor-col-50 elementor-inner-column elementor-element elementor-element-1f08781\" data-id=\"1f08781\" data-element_type=\"column\" data-e-type=\"column\">\n\t\t\t<div class=\"elementor-widget-wrap elementor-element-populated\">\n\t\t\t\t\t\t<div class=\"elementor-element elementor-element-9950d69 elementor-widget elementor-widget-text-editor\" data-id=\"9950d69\" data-element_type=\"widget\" data-e-type=\"widget\" data-widget_type=\"text-editor.default\">\n\t\t\t\t<div class=\"elementor-widget-container\">\n\t\t\t\t\t\t\t\t\t<h3 style=\"font-style: normal; color: #0b1341; text-align: center;\">Alteraciones ungueales<\/h3><p style=\"font-size: 16px; font-style: normal; font-weight: 400; text-align: center;\">U\u00f1as deformes.<\/p><p style=\"font-size: 16px; font-style: normal; font-weight: 400; text-align: center;\">U\u00f1as encarnadas.<\/p><p style=\"font-size: 16px; font-style: normal; font-weight: 400; text-align: center;\">U\u00f1as engrosadas.<\/p>\t\t\t\t\t\t\t\t<\/div>\n\t\t\t\t<\/div>\n\t\t\t\t\t<\/div>\n\t\t<\/div>\n\t\t\t\t\t<\/div>\n\t\t<\/section>\n\t\t\t\t<div class=\"elementor-element elementor-element-06d9817 elementor-widget elementor-widget-spacer\" data-id=\"06d9817\" data-element_type=\"widget\" data-e-type=\"widget\" data-widget_type=\"spacer.default\">\n\t\t\t\t<div class=\"elementor-widget-container\">\n\t\t\t\t\t\t\t<div class=\"elementor-spacer\">\n\t\t\t<div class=\"elementor-spacer-inner\"><\/div>\n\t\t<\/div>\n\t\t\t\t\t\t<\/div>\n\t\t\t\t<\/div>\n\t\t\t\t<div class=\"elementor-element elementor-element-e8996cf elementor-widget-divider--view-line elementor-widget elementor-widget-divider\" data-id=\"e8996cf\" data-element_type=\"widget\" data-e-type=\"widget\" data-widget_type=\"divider.default\">\n\t\t\t\t<div class=\"elementor-widget-container\">\n\t\t\t\t\t\t\t<div class=\"elementor-divider\">\n\t\t\t<span class=\"elementor-divider-separator\">\n\t\t\t\t\t\t<\/span>\n\t\t<\/div>\n\t\t\t\t\t\t<\/div>\n\t\t\t\t<\/div>\n\t\t\t\t<div class=\"elementor-element elementor-element-5dabf7c elementor-widget elementor-widget-heading\" data-id=\"5dabf7c\" data-element_type=\"widget\" data-e-type=\"widget\" data-widget_type=\"heading.default\">\n\t\t\t\t<div class=\"elementor-widget-container\">\n\t\t\t\t\t<h2 class=\"elementor-heading-title elementor-size-large\">VISITA UN POD\u00d3LOGO ANTE CUALQUIERA DE ESTOS S\u00cdNTOMAS O PROBLEMAS:<\/h2>\t\t\t\t<\/div>\n\t\t\t\t<\/div>\n\t\t\t\t<div class=\"elementor-element elementor-element-3da3848 elementor-widget elementor-widget-text-editor\" data-id=\"3da3848\" data-element_type=\"widget\" data-e-type=\"widget\" data-widget_type=\"text-editor.default\">\n\t\t\t\t<div class=\"elementor-widget-container\">\n\t\t\t\t\t\t\t\t\t<ul><li><strong>Dureza o callos<\/strong>. El pod\u00f3logo puede identificar el origen de los mismos y aconsejar el tipo de calzado adecuado a nuestro estilo de vida.<\/li><li><b>Juanetes, dedos martillo o en garra<\/b>: estos problemas generan muchas molestias para los pacientes en el d\u00eda a d\u00eda por lo que la intervenci\u00f3n del pod\u00f3logo es muy importante.<\/li><li><b>Pie plano o cavo<\/b>: el pod\u00f3logo realiza un estudio mec\u00e1nico de la pisada y aplica plantillas correctoras que mejoren significativamente la pisada y sus repercusiones sobre caderas y columna.<\/li><li><b>Hongos en las u\u00f1as (onicomicosis)<\/b>: el tratamiento con antif\u00fangicos o l\u00e1ser es una soluci\u00f3n altamente efectiva.<\/li><li><b>Dolor en los pies<\/b>: si se sufre dolor en zonas de los pies es importante acudir al pod\u00f3logo para que pueda valorar el origen\/causa del mismo.<\/li><li><b>Uso de plantillas ortop\u00e9dicas<\/b>: si se usan plantillas ortop\u00e9dicas se debe acudir a las revisiones con el pod\u00f3logo en las fechas pautadas.<\/li><\/ul>\t\t\t\t\t\t\t\t<\/div>\n\t\t\t\t<\/div>\n\t\t\t\t\t<\/div>\n\t\t<\/div>\n\t\t\t\t\t<\/div>\n\t\t<\/section>\n\t\t\t\t<section class=\"elementor-section elementor-top-section elementor-element elementor-element-baf3cd1 elementor-section-boxed elementor-section-height-default elementor-section-height-default\" data-id=\"baf3cd1\" data-element_type=\"section\" data-e-type=\"section\">\n\t\t\t\t\t\t<div class=\"elementor-container elementor-column-gap-default\">\n\t\t\t\t\t<div class=\"elementor-column elementor-col-100 elementor-top-column elementor-element elementor-element-3046dfd\" data-id=\"3046dfd\" data-element_type=\"column\" data-e-type=\"column\">\n\t\t\t<div class=\"elementor-widget-wrap elementor-element-populated\">\n\t\t\t\t\t\t<div class=\"elementor-element elementor-element-8bc45ef elementor-widget elementor-widget-spacer\" data-id=\"8bc45ef\" data-element_type=\"widget\" data-e-type=\"widget\" data-widget_type=\"spacer.default\">\n\t\t\t\t<div class=\"elementor-widget-container\">\n\t\t\t\t\t\t\t<div class=\"elementor-spacer\">\n\t\t\t<div class=\"elementor-spacer-inner\"><\/div>\n\t\t<\/div>\n\t\t\t\t\t\t<\/div>\n\t\t\t\t<\/div>\n\t\t\t\t\t<\/div>\n\t\t<\/div>\n\t\t\t\t\t<\/div>\n\t\t<\/section>\n\t\t\t\t<\/div>\n\t\t","protected":false},"excerpt":{"rendered":"<p>La importancia de visitar al Pod\u00f3logo La podolog\u00eda es, en ocasiones, una gran desconocida y se ocupa, como especialidad sanitaria, no s\u00f3lo del tratamiento de problemas de u\u00f1as, durezas u hongos, sino tambi\u00e9n de malformaciones, como pies planos y problemas de circulaci\u00f3n de la sangre, afecciones a la piel e infecciones. Los pies soportan el [&hellip;]<\/p>\n","protected":false},"author":1,"featured_media":0,"parent":0,"menu_order":0,"comment_status":"closed","ping_status":"closed","template":"","meta":{"om_disable_all_campaigns":false,"_monsterinsights_skip_tracking":false,"_monsterinsights_sitenote_active":false,"_monsterinsights_sitenote_note":"","_monsterinsights_sitenote_category":0,"site-sidebar-layout":"no-sidebar","site-content-layout":"page-builder","ast-site-content-layout":"default","site-content-style":"default","site-sidebar-style":"default","ast-global-header-display":"","ast-banner-title-visibility":"","ast-main-header-display":"","ast-hfb-above-header-display":"","ast-hfb-below-header-display":"","ast-hfb-mobile-header-display":"","site-post-title":"disabled","ast-breadcrumbs-content":"","ast-featured-img":"disabled","footer-sml-layout":"","ast-disable-related-posts":"","theme-transparent-header-meta":"","adv-header-id-meta":"","stick-header-meta":"","header-above-stick-meta":"","header-main-stick-meta":"","header-below-stick-meta":"","astra-migrate-meta-layouts":"default","ast-page-background-enabled":"default","ast-page-background-meta":{"desktop":{"background-color":"","background-image":"","background-repeat":"repeat","background-position":"center center","background-size":"auto","background-attachment":"scroll","background-type":"","background-media":"","overlay-type":"","overlay-color":"","overlay-opacity":"","overlay-gradient":""},"tablet":{"background-color":"","background-image":"","background-repeat":"repeat","background-position":"center center","background-size":"auto","background-attachment":"scroll","background-type":"","background-media":"","overlay-type":"","overlay-color":"","overlay-opacity":"","overlay-gradient":""},"mobile":{"background-color":"","background-image":"","background-repeat":"repeat","background-position":"center center","background-size":"auto","background-attachment":"scroll","background-type":"","background-media":"","overlay-type":"","overlay-color":"","overlay-opacity":"","overlay-gradient":""}},"ast-content-background-meta":{"desktop":{"background-color":"var(--ast-global-color-5)","background-image":"","background-repeat":"repeat","background-position":"center center","background-size":"auto","background-attachment":"scroll","background-type":"","background-media":"","overlay-type":"","overlay-color":"","overlay-opacity":"","overlay-gradient":""},"tablet":{"background-color":"var(--ast-global-color-5)","background-image":"","background-repeat":"repeat","background-position":"center center","background-size":"auto","background-attachment":"scroll","background-type":"","background-media":"","overlay-type":"","overlay-color":"","overlay-opacity":"","overlay-gradient":""},"mobile":{"background-color":"var(--ast-global-color-5)","background-image":"","background-repeat":"repeat","background-position":"center center","background-size":"auto","background-attachment":"scroll","background-type":"","background-media":"","overlay-type":"","overlay-color":"","overlay-opacity":"","overlay-gradient":""}},"footnotes":""},"class_list":["post-727","page","type-page","status-publish","hentry"],"yoast_head":"<!-- This site is optimized with the Yoast SEO plugin v27.4 - https:\/\/yoast.com\/product\/yoast-seo-wordpress\/ -->\n<title>La importancia de visitar al Pod\u00f3logo - Pablo Devis Podolog&iacute;a<\/title>\n<meta name=\"robots\" content=\"index, follow, max-snippet:-1, max-image-preview:large, max-video-preview:-1\" \/>\n<link rel=\"canonical\" href=\"https:\/\/pablodevispodologia.com\/index.php\/la-importancia-de-visitar-al-podologo\/\" \/>\n<meta property=\"og:locale\" content=\"es_ES\" \/>\n<meta property=\"og:type\" content=\"article\" \/>\n<meta property=\"og:title\" content=\"La importancia de visitar al Pod\u00f3logo - Pablo Devis Podolog&iacute;a\" \/>\n<meta property=\"og:description\" content=\"La importancia de visitar al Pod\u00f3logo La podolog\u00eda es, en ocasiones, una gran desconocida y se ocupa, como especialidad sanitaria, no s\u00f3lo del tratamiento de problemas de u\u00f1as, durezas u hongos, sino tambi\u00e9n de malformaciones, como pies planos y problemas de circulaci\u00f3n de la sangre, afecciones a la piel e infecciones. Los pies soportan el [&hellip;]\" \/>\n<meta property=\"og:url\" content=\"https:\/\/pablodevispodologia.com\/index.php\/la-importancia-de-visitar-al-podologo\/\" \/>\n<meta property=\"og:site_name\" content=\"Pablo Devis Podolog&iacute;a\" \/>\n<meta property=\"article:publisher\" content=\"https:\/\/www.facebook.com\/yoast\" \/>\n<meta property=\"article:modified_time\" content=\"2023-01-20T10:09:03+00:00\" \/>\n<meta name=\"twitter:card\" content=\"summary_large_image\" \/>\n<meta name=\"twitter:label1\" content=\"Tiempo de lectura\" \/>\n\t<meta name=\"twitter:data1\" content=\"2 minutos\" \/>\n<script type=\"application\/ld+json\" class=\"yoast-schema-graph\">{\"@context\":\"https:\\\/\\\/schema.org\",\"@graph\":[{\"@type\":\"WebPage\",\"@id\":\"https:\\\/\\\/pablodevispodologia.com\\\/index.php\\\/la-importancia-de-visitar-al-podologo\\\/\",\"url\":\"https:\\\/\\\/pablodevispodologia.com\\\/index.php\\\/la-importancia-de-visitar-al-podologo\\\/\",\"name\":\"La importancia de visitar al Pod\u00f3logo - Pablo Devis Podolog&iacute;a\",\"isPartOf\":{\"@id\":\"https:\\\/\\\/pablodevispodologia.com\\\/#website\"},\"datePublished\":\"2022-11-19T23:29:49+00:00\",\"dateModified\":\"2023-01-20T10:09:03+00:00\",\"breadcrumb\":{\"@id\":\"https:\\\/\\\/pablodevispodologia.com\\\/index.php\\\/la-importancia-de-visitar-al-podologo\\\/#breadcrumb\"},\"inLanguage\":\"es\",\"potentialAction\":[{\"@type\":\"ReadAction\",\"target\":[\"https:\\\/\\\/pablodevispodologia.com\\\/index.php\\\/la-importancia-de-visitar-al-podologo\\\/\"]}]},{\"@type\":\"BreadcrumbList\",\"@id\":\"https:\\\/\\\/pablodevispodologia.com\\\/index.php\\\/la-importancia-de-visitar-al-podologo\\\/#breadcrumb\",\"itemListElement\":[{\"@type\":\"ListItem\",\"position\":1,\"name\":\"Portada\",\"item\":\"https:\\\/\\\/pablodevispodologia.com\\\/\"},{\"@type\":\"ListItem\",\"position\":2,\"name\":\"La importancia de visitar al Pod\u00f3logo\"}]},{\"@type\":\"WebSite\",\"@id\":\"https:\\\/\\\/pablodevispodologia.com\\\/#website\",\"url\":\"https:\\\/\\\/pablodevispodologia.com\\\/\",\"name\":\"Pablo Devis Podolog&iacute;a\",\"description\":\"\",\"publisher\":{\"@id\":\"https:\\\/\\\/pablodevispodologia.com\\\/#organization\"},\"alternateName\":\"Cl\u00ednica Podol\u00f3gica Pablo Devis\",\"potentialAction\":[{\"@type\":\"SearchAction\",\"target\":{\"@type\":\"EntryPoint\",\"urlTemplate\":\"https:\\\/\\\/pablodevispodologia.com\\\/?s={search_term_string}\"},\"query-input\":{\"@type\":\"PropertyValueSpecification\",\"valueRequired\":true,\"valueName\":\"search_term_string\"}}],\"inLanguage\":\"es\"},{\"@type\":\"Organization\",\"@id\":\"https:\\\/\\\/pablodevispodologia.com\\\/#organization\",\"name\":\"Pablo Devis Podolog&iacute;a\",\"alternateName\":\"Cl\u00ednica Podol\u00f3gica Pablo Devis\",\"url\":\"https:\\\/\\\/pablodevispodologia.com\\\/\",\"logo\":{\"@type\":\"ImageObject\",\"inLanguage\":\"es\",\"@id\":\"https:\\\/\\\/pablodevispodologia.com\\\/#\\\/schema\\\/logo\\\/image\\\/\",\"url\":\"https:\\\/\\\/pablodevispodologia.com\\\/wp-content\\\/uploads\\\/2021\\\/04\\\/Anadir-un-titulo-Sitio-web-2.png\",\"contentUrl\":\"https:\\\/\\\/pablodevispodologia.com\\\/wp-content\\\/uploads\\\/2021\\\/04\\\/Anadir-un-titulo-Sitio-web-2.png\",\"width\":4098,\"height\":2304,\"caption\":\"Pablo Devis Podolog&iacute;a\"},\"image\":{\"@id\":\"https:\\\/\\\/pablodevispodologia.com\\\/#\\\/schema\\\/logo\\\/image\\\/\"},\"sameAs\":[\"https:\\\/\\\/www.facebook.com\\\/yoast\",\"https:\\\/\\\/www.instagram.com\\\/pabloperezpodologo\\\/yoast\"]}]}<\/script>\n<!-- \/ Yoast SEO plugin. -->","yoast_head_json":{"title":"La importancia de visitar al Pod\u00f3logo - Pablo Devis Podolog&iacute;a","robots":{"index":"index","follow":"follow","max-snippet":"max-snippet:-1","max-image-preview":"max-image-preview:large","max-video-preview":"max-video-preview:-1"},"canonical":"https:\/\/pablodevispodologia.com\/index.php\/la-importancia-de-visitar-al-podologo\/","og_locale":"es_ES","og_type":"article","og_title":"La importancia de visitar al Pod\u00f3logo - Pablo Devis Podolog&iacute;a","og_description":"La importancia de visitar al Pod\u00f3logo La podolog\u00eda es, en ocasiones, una gran desconocida y se ocupa, como especialidad sanitaria, no s\u00f3lo del tratamiento de problemas de u\u00f1as, durezas u hongos, sino tambi\u00e9n de malformaciones, como pies planos y problemas de circulaci\u00f3n de la sangre, afecciones a la piel e infecciones. Los pies soportan el [&hellip;]","og_url":"https:\/\/pablodevispodologia.com\/index.php\/la-importancia-de-visitar-al-podologo\/","og_site_name":"Pablo Devis Podolog&iacute;a","article_publisher":"https:\/\/www.facebook.com\/yoast","article_modified_time":"2023-01-20T10:09:03+00:00","twitter_card":"summary_large_image","twitter_misc":{"Tiempo de lectura":"2 minutos"},"schema":{"@context":"https:\/\/schema.org","@graph":[{"@type":"WebPage","@id":"https:\/\/pablodevispodologia.com\/index.php\/la-importancia-de-visitar-al-podologo\/","url":"https:\/\/pablodevispodologia.com\/index.php\/la-importancia-de-visitar-al-podologo\/","name":"La importancia de visitar al Pod\u00f3logo - Pablo Devis Podolog&iacute;a","isPartOf":{"@id":"https:\/\/pablodevispodologia.com\/#website"},"datePublished":"2022-11-19T23:29:49+00:00","dateModified":"2023-01-20T10:09:03+00:00","breadcrumb":{"@id":"https:\/\/pablodevispodologia.com\/index.php\/la-importancia-de-visitar-al-podologo\/#breadcrumb"},"inLanguage":"es","potentialAction":[{"@type":"ReadAction","target":["https:\/\/pablodevispodologia.com\/index.php\/la-importancia-de-visitar-al-podologo\/"]}]},{"@type":"BreadcrumbList","@id":"https:\/\/pablodevispodologia.com\/index.php\/la-importancia-de-visitar-al-podologo\/#breadcrumb","itemListElement":[{"@type":"ListItem","position":1,"name":"Portada","item":"https:\/\/pablodevispodologia.com\/"},{"@type":"ListItem","position":2,"name":"La importancia de visitar al Pod\u00f3logo"}]},{"@type":"WebSite","@id":"https:\/\/pablodevispodologia.com\/#website","url":"https:\/\/pablodevispodologia.com\/","name":"Pablo Devis Podolog&iacute;a","description":"","publisher":{"@id":"https:\/\/pablodevispodologia.com\/#organization"},"alternateName":"Cl\u00ednica Podol\u00f3gica Pablo Devis","potentialAction":[{"@type":"SearchAction","target":{"@type":"EntryPoint","urlTemplate":"https:\/\/pablodevispodologia.com\/?s={search_term_string}"},"query-input":{"@type":"PropertyValueSpecification","valueRequired":true,"valueName":"search_term_string"}}],"inLanguage":"es"},{"@type":"Organization","@id":"https:\/\/pablodevispodologia.com\/#organization","name":"Pablo Devis Podolog&iacute;a","alternateName":"Cl\u00ednica Podol\u00f3gica Pablo Devis","url":"https:\/\/pablodevispodologia.com\/","logo":{"@type":"ImageObject","inLanguage":"es","@id":"https:\/\/pablodevispodologia.com\/#\/schema\/logo\/image\/","url":"https:\/\/pablodevispodologia.com\/wp-content\/uploads\/2021\/04\/Anadir-un-titulo-Sitio-web-2.png","contentUrl":"https:\/\/pablodevispodologia.com\/wp-content\/uploads\/2021\/04\/Anadir-un-titulo-Sitio-web-2.png","width":4098,"height":2304,"caption":"Pablo Devis Podolog&iacute;a"},"image":{"@id":"https:\/\/pablodevispodologia.com\/#\/schema\/logo\/image\/"},"sameAs":["https:\/\/www.facebook.com\/yoast","https:\/\/www.instagram.com\/pabloperezpodologo\/yoast"]}]}},"_links":{"self":[{"href":"https:\/\/pablodevispodologia.com\/index.php\/wp-json\/wp\/v2\/pages\/727","targetHints":{"allow":["GET"]}}],"collection":[{"href":"https:\/\/pablodevispodologia.com\/index.php\/wp-json\/wp\/v2\/pages"}],"about":[{"href":"https:\/\/pablodevispodologia.com\/index.php\/wp-json\/wp\/v2\/types\/page"}],"author":[{"embeddable":true,"href":"https:\/\/pablodevispodologia.com\/index.php\/wp-json\/wp\/v2\/users\/1"}],"replies":[{"embeddable":true,"href":"https:\/\/pablodevispodologia.com\/index.php\/wp-json\/wp\/v2\/comments?post=727"}],"version-history":[{"count":18,"href":"https:\/\/pablodevispodologia.com\/index.php\/wp-json\/wp\/v2\/pages\/727\/revisions"}],"predecessor-version":[{"id":1231,"href":"https:\/\/pablodevispodologia.com\/index.php\/wp-json\/wp\/v2\/pages\/727\/revisions\/1231"}],"wp:attachment":[{"href":"https:\/\/pablodevispodologia.com\/index.php\/wp-json\/wp\/v2\/media?parent=727"}],"curies":[{"name":"wp","href":"https:\/\/api.w.org\/{rel}","templated":true}]}}