{"id":3,"date":"2022-11-14T17:04:58","date_gmt":"2022-11-14T17:04:58","guid":{"rendered":"http:\/\/pablodevispodologia.com\/?page_id=3"},"modified":"2022-11-19T22:15:54","modified_gmt":"2022-11-19T22:15:54","slug":"privacy-policy","status":"publish","type":"page","link":"https:\/\/pablodevispodologia.com\/index.php\/privacy-policy\/","title":{"rendered":""},"content":{"rendered":"\t\t<div data-elementor-type=\"wp-page\" data-elementor-id=\"3\" class=\"elementor elementor-3\">\n\t\t\t\t\t\t<section class=\"elementor-section elementor-top-section elementor-element elementor-element-5500eb30 elementor-section-boxed elementor-section-height-default elementor-section-height-default\" data-id=\"5500eb30\" data-element_type=\"section\" data-e-type=\"section\">\n\t\t\t\t\t\t<div class=\"elementor-container elementor-column-gap-default\">\n\t\t\t\t\t<div class=\"elementor-column elementor-col-100 elementor-top-column elementor-element elementor-element-6743e4d7\" data-id=\"6743e4d7\" data-element_type=\"column\" data-e-type=\"column\">\n\t\t\t<div class=\"elementor-widget-wrap elementor-element-populated\">\n\t\t\t\t\t\t<div class=\"elementor-element elementor-element-265e026c elementor-widget elementor-widget-text-editor\" data-id=\"265e026c\" data-element_type=\"widget\" data-e-type=\"widget\" data-widget_type=\"text-editor.default\">\n\t\t\t\t<div class=\"elementor-widget-container\">\n\t\t\t\t\t\t\t\t\t\n<h2 class=\"wp-block-heading\">\u00a0<\/h2>\n<h2>Pol\u00edtica de privacidad<\/h2>\n<h2>Quienes somos<\/h2>\n<p>La direcci\u00f3n de nuestro sitio web es: https:\/\/pablodevispodologia.com.<\/p>\n<h2>Comentarios<\/h2>\n<p>Cuando los visitantes dejan comentarios en el sitio, recopilamos los datos que se muestran en el formulario de comentarios, y tambi\u00e9n la direcci\u00f3n IP del visitante y la cadena del agente de usuario del navegador para ayudar a la detecci\u00f3n de spam.<\/p>\n<h2>Medios de comunicaci\u00f3n<\/h2>\n<p>Los visitantes del sitio web pueden descargar y extraer cualquier dato de ubicaci\u00f3n de las im\u00e1genes del sitio web.<\/p>\n<h2>Cookies<\/h2>\n<p>Si deja un comentario en nuestro sitio, puede optar por guardar su nombre, direcci\u00f3n de correo electr\u00f3nico y sitio web en cookies. Estos son para su comodidad, para que no tenga que volver a rellenar sus datos cuando deje otro comentario. Estas cookies tendr\u00e1n una duraci\u00f3n de un a\u00f1o.<\/p>\n<p>Cuando inicie sesi\u00f3n, tambi\u00e9n configuraremos varias cookies para guardar su informaci\u00f3n de inicio de sesi\u00f3n y sus opciones de visualizaci\u00f3n de pantalla. Las cookies de inicio de sesi\u00f3n duran dos d\u00edas y las cookies de opciones de pantalla duran un a\u00f1o. Si selecciona \u00abRecordarme\u00bb, su inicio de sesi\u00f3n persistir\u00e1 durante dos semanas. Si cierra sesi\u00f3n en su cuenta, se eliminar\u00e1n las cookies de inicio de sesi\u00f3n.<\/p>\n<p>Si edita o publica un art\u00edculo, se guardar\u00e1 una cookie adicional en su navegador. Esta cookie no incluye datos personales y simplemente indica el ID de publicaci\u00f3n del art\u00edculo que acaba de editar. Caduca despu\u00e9s de 1 d\u00eda.<\/p>\n<h2>Contenido incrustado de otros sitios web\u00a0<\/h2>\n<p>Los art\u00edculos de este sitio pueden incluir contenido incrustado (por ejemplo, videos, im\u00e1genes, art\u00edculos, etc.). El contenido incrustado de otros sitios web se comporta exactamente de la misma manera que si el visitante hubiera visitado el otro sitio web. Estos sitios web pueden recopilar datos sobre usted, usar cookies, incrustar un seguimiento adicional de terceros y monitorear su interacci\u00f3n con ese contenido incrustado, incluido el seguimiento de su interacci\u00f3n con el contenido incrustado si tiene una cuenta y ha iniciado sesi\u00f3n en ese sitio web.<\/p>\n<h2>Con qui\u00e9n compartimos sus datos<\/h2>\n<p>Si solicita un restablecimiento de contrase\u00f1a, su direcci\u00f3n IP se incluir\u00e1 en el correo electr\u00f3nico de restablecimiento.<\/p>\n<h2>Cu\u00e1nto tiempo conservamos sus datos<\/h2>\n<p>Si deja un comentario, el comentario y sus metadatos se conservan indefinidamente. Esto es para que podamos reconocer y aprobar cualquier comentario de seguimiento autom\u00e1ticamente en lugar de mantenerlos en una cola de moderaci\u00f3n. Todos los usuarios pueden ver, editar o eliminar su informaci\u00f3n personal en cualquier momento. Los administradores del sitio web tambi\u00e9n pueden ver y editar esa informaci\u00f3n.<\/p>\n<h2>Qu\u00e9 derechos tienes sobre tus datos<\/h2>\n<p>Si tiene una cuenta en este sitio o ha dejado comentarios, puede solicitar recibir un archivo exportado de los datos personales que tenemos sobre usted, incluidos los datos que nos haya proporcionado. Tambi\u00e9n puede solicitar que eliminemos cualquier dato personal que tengamos sobre usted. Esto no incluye ning\u00fan dato que estemos obligados a conservar con fines administrativos, legales o de seguridad.<\/p>\n<h2>D\u00f3nde se env\u00edan sus datos<\/h2>\n<p>Es posible que los comentarios de los visitantes los revise un servicio de detecci\u00f3n autom\u00e1tica de spam.<\/p>\n\t\t\t\t\t\t\t\t<\/div>\n\t\t\t\t<\/div>\n\t\t\t\t\t<\/div>\n\t\t<\/div>\n\t\t\t\t\t<\/div>\n\t\t<\/section>\n\t\t\t\t<\/div>\n\t\t","protected":false},"excerpt":{"rendered":"<p>\u00a0 Pol\u00edtica de privacidad Quienes somos La direcci\u00f3n de nuestro sitio web es: https:\/\/pablodevispodologia.com. Comentarios Cuando los visitantes dejan comentarios en el sitio, recopilamos los datos que se muestran en el formulario de comentarios, y tambi\u00e9n la direcci\u00f3n IP del visitante y la cadena del agente de usuario del navegador para ayudar a la detecci\u00f3n [&hellip;]<\/p>\n","protected":false},"author":1,"featured_media":0,"parent":0,"menu_order":0,"comment_status":"closed","ping_status":"closed","template":"","meta":{"om_disable_all_campaigns":false,"_monsterinsights_skip_tracking":false,"_monsterinsights_sitenote_active":false,"_monsterinsights_sitenote_note":"","_monsterinsights_sitenote_category":0,"site-sidebar-layout":"default","site-content-layout":"","ast-site-content-layout":"default","site-content-style":"default","site-sidebar-style":"default","ast-global-header-display":"","ast-banner-title-visibility":"","ast-main-header-display":"","ast-hfb-above-header-display":"","ast-hfb-below-header-display":"","ast-hfb-mobile-header-display":"","site-post-title":"","ast-breadcrumbs-content":"","ast-featured-img":"","footer-sml-layout":"","ast-disable-related-posts":"","theme-transparent-header-meta":"","adv-header-id-meta":"","stick-header-meta":"","header-above-stick-meta":"","header-main-stick-meta":"","header-below-stick-meta":"","astra-migrate-meta-layouts":"default","ast-page-background-enabled":"default","ast-page-background-meta":{"desktop":{"background-color":"","background-image":"","background-repeat":"repeat","background-position":"center center","background-size":"auto","background-attachment":"scroll","background-type":"","background-media":"","overlay-type":"","overlay-color":"","overlay-opacity":"","overlay-gradient":""},"tablet":{"background-color":"","background-image":"","background-repeat":"repeat","background-position":"center center","background-size":"auto","background-attachment":"scroll","background-type":"","background-media":"","overlay-type":"","overlay-color":"","overlay-opacity":"","overlay-gradient":""},"mobile":{"background-color":"","background-image":"","background-repeat":"repeat","background-position":"center center","background-size":"auto","background-attachment":"scroll","background-type":"","background-media":"","overlay-type":"","overlay-color":"","overlay-opacity":"","overlay-gradient":""}},"ast-content-background-meta":{"desktop":{"background-color":"var(--ast-global-color-5)","background-image":"","background-repeat":"repeat","background-position":"center center","background-size":"auto","background-attachment":"scroll","background-type":"","background-media":"","overlay-type":"","overlay-color":"","overlay-opacity":"","overlay-gradient":""},"tablet":{"background-color":"var(--ast-global-color-5)","background-image":"","background-repeat":"repeat","background-position":"center center","background-size":"auto","background-attachment":"scroll","background-type":"","background-media":"","overlay-type":"","overlay-color":"","overlay-opacity":"","overlay-gradient":""},"mobile":{"background-color":"var(--ast-global-color-5)","background-image":"","background-repeat":"repeat","background-position":"center center","background-size":"auto","background-attachment":"scroll","background-type":"","background-media":"","overlay-type":"","overlay-color":"","overlay-opacity":"","overlay-gradient":""}},"footnotes":""},"class_list":["post-3","page","type-page","status-publish","hentry"],"yoast_head":"<!-- This site is optimized with the Yoast SEO plugin v27.4 - https:\/\/yoast.com\/product\/yoast-seo-wordpress\/ -->\n<title>- Pablo Devis Podolog&iacute;a<\/title>\n<meta name=\"robots\" content=\"index, follow, max-snippet:-1, max-image-preview:large, max-video-preview:-1\" \/>\n<link rel=\"canonical\" href=\"https:\/\/pablodevispodologia.com\/index.php\/privacy-policy\/\" \/>\n<meta property=\"og:locale\" content=\"es_ES\" \/>\n<meta property=\"og:type\" content=\"article\" \/>\n<meta property=\"og:title\" content=\"- Pablo Devis Podolog&iacute;a\" \/>\n<meta property=\"og:description\" content=\"\u00a0 Pol\u00edtica de privacidad Quienes somos La direcci\u00f3n de nuestro sitio web es: https:\/\/pablodevispodologia.com. Comentarios Cuando los visitantes dejan comentarios en el sitio, recopilamos los datos que se muestran en el formulario de comentarios, y tambi\u00e9n la direcci\u00f3n IP del visitante y la cadena del agente de usuario del navegador para ayudar a la detecci\u00f3n [&hellip;]\" \/>\n<meta property=\"og:url\" content=\"https:\/\/pablodevispodologia.com\/index.php\/privacy-policy\/\" \/>\n<meta property=\"og:site_name\" content=\"Pablo Devis Podolog&iacute;a\" \/>\n<meta property=\"article:publisher\" content=\"https:\/\/www.facebook.com\/yoast\" \/>\n<meta property=\"article:modified_time\" content=\"2022-11-19T22:15:54+00:00\" \/>\n<meta name=\"twitter:card\" content=\"summary_large_image\" \/>\n<meta name=\"twitter:label1\" content=\"Tiempo de lectura\" \/>\n\t<meta name=\"twitter:data1\" content=\"3 minutos\" \/>\n<script type=\"application\/ld+json\" class=\"yoast-schema-graph\">{\"@context\":\"https:\\\/\\\/schema.org\",\"@graph\":[{\"@type\":\"WebPage\",\"@id\":\"https:\\\/\\\/pablodevispodologia.com\\\/index.php\\\/privacy-policy\\\/\",\"url\":\"https:\\\/\\\/pablodevispodologia.com\\\/index.php\\\/privacy-policy\\\/\",\"name\":\"- Pablo Devis Podolog&iacute;a\",\"isPartOf\":{\"@id\":\"https:\\\/\\\/pablodevispodologia.com\\\/#website\"},\"datePublished\":\"2022-11-14T17:04:58+00:00\",\"dateModified\":\"2022-11-19T22:15:54+00:00\",\"inLanguage\":\"es\",\"potentialAction\":[{\"@type\":\"ReadAction\",\"target\":[\"https:\\\/\\\/pablodevispodologia.com\\\/index.php\\\/privacy-policy\\\/\"]}]},{\"@type\":\"WebSite\",\"@id\":\"https:\\\/\\\/pablodevispodologia.com\\\/#website\",\"url\":\"https:\\\/\\\/pablodevispodologia.com\\\/\",\"name\":\"Pablo Devis Podolog&iacute;a\",\"description\":\"\",\"publisher\":{\"@id\":\"https:\\\/\\\/pablodevispodologia.com\\\/#organization\"},\"alternateName\":\"Cl\u00ednica Podol\u00f3gica Pablo Devis\",\"potentialAction\":[{\"@type\":\"SearchAction\",\"target\":{\"@type\":\"EntryPoint\",\"urlTemplate\":\"https:\\\/\\\/pablodevispodologia.com\\\/?s={search_term_string}\"},\"query-input\":{\"@type\":\"PropertyValueSpecification\",\"valueRequired\":true,\"valueName\":\"search_term_string\"}}],\"inLanguage\":\"es\"},{\"@type\":\"Organization\",\"@id\":\"https:\\\/\\\/pablodevispodologia.com\\\/#organization\",\"name\":\"Pablo Devis Podolog&iacute;a\",\"alternateName\":\"Cl\u00ednica Podol\u00f3gica Pablo Devis\",\"url\":\"https:\\\/\\\/pablodevispodologia.com\\\/\",\"logo\":{\"@type\":\"ImageObject\",\"inLanguage\":\"es\",\"@id\":\"https:\\\/\\\/pablodevispodologia.com\\\/#\\\/schema\\\/logo\\\/image\\\/\",\"url\":\"https:\\\/\\\/pablodevispodologia.com\\\/wp-content\\\/uploads\\\/2021\\\/04\\\/Anadir-un-titulo-Sitio-web-2.png\",\"contentUrl\":\"https:\\\/\\\/pablodevispodologia.com\\\/wp-content\\\/uploads\\\/2021\\\/04\\\/Anadir-un-titulo-Sitio-web-2.png\",\"width\":4098,\"height\":2304,\"caption\":\"Pablo Devis Podolog&iacute;a\"},\"image\":{\"@id\":\"https:\\\/\\\/pablodevispodologia.com\\\/#\\\/schema\\\/logo\\\/image\\\/\"},\"sameAs\":[\"https:\\\/\\\/www.facebook.com\\\/yoast\",\"https:\\\/\\\/www.instagram.com\\\/pabloperezpodologo\\\/yoast\"]}]}<\/script>\n<!-- \/ Yoast SEO plugin. -->","yoast_head_json":{"title":"- Pablo Devis Podolog&iacute;a","robots":{"index":"index","follow":"follow","max-snippet":"max-snippet:-1","max-image-preview":"max-image-preview:large","max-video-preview":"max-video-preview:-1"},"canonical":"https:\/\/pablodevispodologia.com\/index.php\/privacy-policy\/","og_locale":"es_ES","og_type":"article","og_title":"- Pablo Devis Podolog&iacute;a","og_description":"\u00a0 Pol\u00edtica de privacidad Quienes somos La direcci\u00f3n de nuestro sitio web es: https:\/\/pablodevispodologia.com. Comentarios Cuando los visitantes dejan comentarios en el sitio, recopilamos los datos que se muestran en el formulario de comentarios, y tambi\u00e9n la direcci\u00f3n IP del visitante y la cadena del agente de usuario del navegador para ayudar a la detecci\u00f3n [&hellip;]","og_url":"https:\/\/pablodevispodologia.com\/index.php\/privacy-policy\/","og_site_name":"Pablo Devis Podolog&iacute;a","article_publisher":"https:\/\/www.facebook.com\/yoast","article_modified_time":"2022-11-19T22:15:54+00:00","twitter_card":"summary_large_image","twitter_misc":{"Tiempo de lectura":"3 minutos"},"schema":{"@context":"https:\/\/schema.org","@graph":[{"@type":"WebPage","@id":"https:\/\/pablodevispodologia.com\/index.php\/privacy-policy\/","url":"https:\/\/pablodevispodologia.com\/index.php\/privacy-policy\/","name":"- Pablo Devis Podolog&iacute;a","isPartOf":{"@id":"https:\/\/pablodevispodologia.com\/#website"},"datePublished":"2022-11-14T17:04:58+00:00","dateModified":"2022-11-19T22:15:54+00:00","inLanguage":"es","potentialAction":[{"@type":"ReadAction","target":["https:\/\/pablodevispodologia.com\/index.php\/privacy-policy\/"]}]},{"@type":"WebSite","@id":"https:\/\/pablodevispodologia.com\/#website","url":"https:\/\/pablodevispodologia.com\/","name":"Pablo Devis Podolog&iacute;a","description":"","publisher":{"@id":"https:\/\/pablodevispodologia.com\/#organization"},"alternateName":"Cl\u00ednica Podol\u00f3gica Pablo Devis","potentialAction":[{"@type":"SearchAction","target":{"@type":"EntryPoint","urlTemplate":"https:\/\/pablodevispodologia.com\/?s={search_term_string}"},"query-input":{"@type":"PropertyValueSpecification","valueRequired":true,"valueName":"search_term_string"}}],"inLanguage":"es"},{"@type":"Organization","@id":"https:\/\/pablodevispodologia.com\/#organization","name":"Pablo Devis Podolog&iacute;a","alternateName":"Cl\u00ednica Podol\u00f3gica Pablo Devis","url":"https:\/\/pablodevispodologia.com\/","logo":{"@type":"ImageObject","inLanguage":"es","@id":"https:\/\/pablodevispodologia.com\/#\/schema\/logo\/image\/","url":"https:\/\/pablodevispodologia.com\/wp-content\/uploads\/2021\/04\/Anadir-un-titulo-Sitio-web-2.png","contentUrl":"https:\/\/pablodevispodologia.com\/wp-content\/uploads\/2021\/04\/Anadir-un-titulo-Sitio-web-2.png","width":4098,"height":2304,"caption":"Pablo Devis Podolog&iacute;a"},"image":{"@id":"https:\/\/pablodevispodologia.com\/#\/schema\/logo\/image\/"},"sameAs":["https:\/\/www.facebook.com\/yoast","https:\/\/www.instagram.com\/pabloperezpodologo\/yoast"]}]}},"_links":{"self":[{"href":"https:\/\/pablodevispodologia.com\/index.php\/wp-json\/wp\/v2\/pages\/3","targetHints":{"allow":["GET"]}}],"collection":[{"href":"https:\/\/pablodevispodologia.com\/index.php\/wp-json\/wp\/v2\/pages"}],"about":[{"href":"https:\/\/pablodevispodologia.com\/index.php\/wp-json\/wp\/v2\/types\/page"}],"author":[{"embeddable":true,"href":"https:\/\/pablodevispodologia.com\/index.php\/wp-json\/wp\/v2\/users\/1"}],"replies":[{"embeddable":true,"href":"https:\/\/pablodevispodologia.com\/index.php\/wp-json\/wp\/v2\/comments?post=3"}],"version-history":[{"count":8,"href":"https:\/\/pablodevispodologia.com\/index.php\/wp-json\/wp\/v2\/pages\/3\/revisions"}],"predecessor-version":[{"id":711,"href":"https:\/\/pablodevispodologia.com\/index.php\/wp-json\/wp\/v2\/pages\/3\/revisions\/711"}],"wp:attachment":[{"href":"https:\/\/pablodevispodologia.com\/index.php\/wp-json\/wp\/v2\/media?parent=3"}],"curies":[{"name":"wp","href":"https:\/\/api.w.org\/{rel}","templated":true}]}}